{"id":17,"date":"2022-09-19T18:22:32","date_gmt":"2022-09-19T21:22:32","guid":{"rendered":"https:\/\/loja.cristianodigital.com.br\/index.php\/product\/hoodie-with-logo\/"},"modified":"2022-09-19T18:31:18","modified_gmt":"2022-09-19T21:31:18","slug":"hoodie-with-logo","status":"publish","type":"product","link":"https:\/\/loja.cristianodigital.com.br\/index.php\/product\/hoodie-with-logo\/","title":{"rendered":"maquina teste"},"content":{"rendered":"<p>aqui \u00e9 apenas o local de descri\u00e7\u00e3o do produto.<\/p>\n<p>Deixe um testo simp,es e \u00fanico com os principais termos que voc\u00ea imagina que os clientes buscam<\/p>\n","protected":false},"excerpt":{"rendered":"<p>lindo equipamento de impress\u00e3o<\/p>\n","protected":false},"featured_media":16,"comment_status":"open","ping_status":"closed","template":"","meta":{"om_disable_all_campaigns":false,"_monsterinsights_skip_tracking":false,"_monsterinsights_sitenote_active":false,"_monsterinsights_sitenote_note":"","_monsterinsights_sitenote_category":0},"product_cat":[18],"product_tag":[21,20],"aioseo_notices":[],"_links":{"self":[{"href":"https:\/\/loja.cristianodigital.com.br\/index.php\/wp-json\/wp\/v2\/product\/17"}],"collection":[{"href":"https:\/\/loja.cristianodigital.com.br\/index.php\/wp-json\/wp\/v2\/product"}],"about":[{"href":"https:\/\/loja.cristianodigital.com.br\/index.php\/wp-json\/wp\/v2\/types\/product"}],"replies":[{"embeddable":true,"href":"https:\/\/loja.cristianodigital.com.br\/index.php\/wp-json\/wp\/v2\/comments?post=17"}],"wp:featuredmedia":[{"embeddable":true,"href":"https:\/\/loja.cristianodigital.com.br\/index.php\/wp-json\/wp\/v2\/media\/16"}],"wp:attachment":[{"href":"https:\/\/loja.cristianodigital.com.br\/index.php\/wp-json\/wp\/v2\/media?parent=17"}],"wp:term":[{"taxonomy":"product_cat","embeddable":true,"href":"https:\/\/loja.cristianodigital.com.br\/index.php\/wp-json\/wp\/v2\/product_cat?post=17"},{"taxonomy":"product_tag","embeddable":true,"href":"https:\/\/loja.cristianodigital.com.br\/index.php\/wp-json\/wp\/v2\/product_tag?post=17"}],"curies":[{"name":"wp","href":"https:\/\/api.w.org\/{rel}","templated":true}]}}